{"id":446,"date":"2025-07-31T10:21:50","date_gmt":"2025-07-31T10:21:50","guid":{"rendered":"https:\/\/assessoriabuch.com\/altres-serveis\/"},"modified":"2025-12-01T10:14:51","modified_gmt":"2025-12-01T10:14:51","slug":"otros-servicios","status":"publish","type":"page","link":"https:\/\/assessoriabuch.com\/es\/otros-servicios\/","title":{"rendered":"Otros servicios"},"content":{"rendered":"<div class=\"wpb-content-wrapper\">[vc_row][vc_column css=\u00bb.vc_custom_1753952767487{padding-right: 5% !important;padding-left: 5% !important;}\u00bb][vc_column_text css=\u00bb\u00bb color=\u00bb#000000&#8243; font_size=\u00bb30&#8243; font_family=\u00bbPoppins\u00bb line_height=\u00bb36px\u00bb letter_spacing=\u00bb-1px\u00bb font_weight=\u00bb700&#8243;]\n<h1>Servicios complementarios para hacerte la vida m\u00e1s f\u00e1cil<\/h1>\n[\/vc_column_text][vc_column_text css=\u00bb.vc_custom_1764583944651{padding-right: 5% !important;}\u00bb text_align=\u00bbleft\u00bb color=\u00bb#000000&#8243; font_size=\u00bb24&#8243; font_family=\u00bbPoppins\u00bb letter_spacing=\u00bb-1px\u00bb line_height=\u00bb30px\u00bb font_weight=\u00bb500&#8243;]Tr\u00e1mites y gestiones con la misma confianza de siempre[\/vc_column_text][\/vc_column][\/vc_row][vc_row full_width=\u00bbstretch_row_content_no_spaces\u00bb content_placement=\u00bbmiddle\u00bb css=\u00bb.vc_custom_1753953686673{border-top-width: 40px !important;background-image: url(https:\/\/assessoriabuch.com\/wp-content\/uploads\/2025\/07\/fondoA-1.jpg?id=321) !important;border-top-style: solid !important;border-color: #4277A2 !important;}\u00bb][vc_column width=\u00bb1\/4&#8243;][\/vc_column][vc_column width=\u00bb3\/4&#8243;][vc_empty_space height=\u00bb50px\u00bb][vc_row_inner][vc_column_inner width=\u00bb1\/4&#8243;][\/vc_column_inner][vc_column_inner width=\u00bb1\/2&#8243;][vc_column_text css=\u00bb.vc_custom_1753339715373{padding-right: 5% !important;}\u00bb text_align=\u00bbright\u00bb color=\u00bb#000000&#8243; font_size=\u00bb14&#8243; font_family=\u00bbPoppins\u00bb text_transform=\u00bbuppercase\u00bb letter_spacing=\u00bb1px\u00bb]Assessoria Buch[\/vc_column_text][vc_empty_space height=\u00bb10px\u00bb][vc_column_text css=\u00bb.vc_custom_1764583956770{padding-right: 5% !important;}\u00bb text_align=\u00bbright\u00bb color=\u00bb#000000&#8243; font_size=\u00bb30&#8243; font_family=\u00bbPoppins\u00bb letter_spacing=\u00bb-1px\u00bb line_height=\u00bb36px\u00bb font_weight=\u00bb700&#8243;]Soluciones pr\u00e1cticas para el d\u00eda a d\u00eda[\/vc_column_text][vc_empty_space height=\u00bb20px\u00bb][vc_column_text css=\u00bb.vc_custom_1764583972427{padding-right: 5% !important;padding-left: 5% !important;}\u00bb text_align=\u00bbright\u00bb color=\u00bb#000000&#8243; font_size=\u00bb16&#8243; line_height=\u00bbnormal\u00bb]Adem\u00e1s de las \u00e1reas principales, te ofrecemos servicios complementarios que cubren necesidades habituales de gesti\u00f3n y tr\u00e1mites personales o empresariales.<\/p>\n<p>Nos encargamos de todos los detalles para que est\u00e9s tranquilo, sabiendo que la documentaci\u00f3n y las gestiones est\u00e1n en buenas manos.[\/vc_column_text][vc_empty_space height=\u00bb30px\u00bb]<style>.vcex-button.vcex_69e069bdae0e9{background:#4277a2;color:#fefefe!important;}.vcex-button.vcex_69e069bdae0e9:hover{background:#000000!important;color:#ffffff!important;}<\/style><div class=\"vc_custom_1764583994726 wpex-clr\"><a href=\"\/es\/contacta\" class=\"vcex-button theme-button medium align-right inline vcex_69e069bdae0e9\"><span class=\"vcex-button-inner theme-button-inner wpex-flex wpex-flex-wrap wpex-items-center wpex-justify-center\"><span class=\"vcex-button-icon vcex-icon-wrap theme-button-icon-left\"><span class=\"wpex-icon\" aria-hidden=\"true\"><svg xmlns=\"http:\/\/www.w3.org\/2000\/svg\" viewBox=\"0 0 576 512\"><path d=\"M287.9 0c9.2 0 17.6 5.2 21.6 13.5l68.6 141.3 153.2 22.6c9 1.3 16.5 7.6 19.3 16.3s.5 18.1-5.9 24.5L433.6 328.4l26.2 155.6c1.5 9-2.2 18.1-9.7 23.5s-17.3 6-25.3 1.7l-137-73.2L151 509.1c-8.1 4.3-17.9 3.7-25.3-1.7s-11.2-14.5-9.7-23.5l26.2-155.6L31.1 218.2c-6.5-6.4-8.7-15.9-5.9-24.5s10.3-14.9 19.3-16.3l153.2-22.6L266.3 13.5C270.4 5.2 278.7 0 287.9 0zm0 79L235.4 187.2c-3.5 7.1-10.2 12.1-18.1 13.3L99 217.9 184.9 303c5.5 5.5 8.1 13.3 6.8 21L171.4 443.7l105.2-56.2c7.1-3.8 15.6-3.8 22.6 0l105.2 56.2L384.2 324.1c-1.3-7.7 1.2-15.5 6.8-21l85.9-85.1L358.6 200.5c-7.8-1.2-14.6-6.1-18.1-13.3L287.9 79z\"\/><\/svg><\/span><\/span>Contacta para saber c\u00f3mo podemos ayudarte con tus tr\u00e1mites y seguros<\/span><\/a><\/div> [\/vc_column_inner][vc_column_inner width=\u00bb1\/4&#8243;][\/vc_column_inner][\/vc_row_inner][\/vc_column][\/vc_row][vc_row full_width=\u00bbstretch_row_content_no_spaces\u00bb css=\u00bb.vc_custom_1753959338918{background: #4277A2 url(https:\/\/assessoriabuch.com\/wp-content\/uploads\/2025\/07\/altres.png?id=401) !important;background-position: center !important;background-repeat: no-repeat !important;background-size: cover !important;}\u00bb][vc_column][vc_empty_space height=\u00bb400px\u00bb][\/vc_column][\/vc_row][vc_row full_width=\u00bbstretch_row_content_no_spaces\u00bb content_placement=\u00bbmiddle\u00bb css=\u00bb.vc_custom_1753953041567{border-bottom-width: 40px !important;background-image: url(https:\/\/assessoriabuch.com\/wp-content\/uploads\/2025\/07\/fondoB-1.jpg?id=322) !important;border-bottom-style: solid !important;border-color: #4277A2 !important;}\u00bb][vc_column width=\u00bb3\/4&#8243;][vc_empty_space height=\u00bb50px\u00bb][vc_row_inner][vc_column_inner width=\u00bb1\/4&#8243;][\/vc_column_inner][vc_column_inner width=\u00bb1\/2&#8243;][vc_column_text css=\u00bb.vc_custom_1764584007668{padding-right: 5% !important;}\u00bb text_align=\u00bbleft\u00bb color=\u00bb#000000&#8243; font_size=\u00bb30&#8243; font_family=\u00bbPoppins\u00bb letter_spacing=\u00bb-1px\u00bb line_height=\u00bb36px\u00bb font_weight=\u00bb700&#8243;]Otros servicios[\/vc_column_text][vc_empty_space height=\u00bb20px\u00bb][vc_column_text css=\u00bb.vc_custom_1764584030322{padding-right: 5% !important;padding-left: 5% !important;}\u00bb text_align=\u00bbleft\u00bb color=\u00bb#000000&#8243; font_size=\u00bb16&#8243; line_height=\u00bbnormal\u00bb]<strong>Tr\u00e1mites de tr\u00e1fico<\/strong><\/p>\n<ul>\n<li>Cambios de nombre y transferencias de veh\u00edculos<\/li>\n<li>Matriculaciones y bajas de veh\u00edculos<\/li>\n<li>Gesti\u00f3n de documentaci\u00f3n oficial ante la DGT<\/li>\n<\/ul>\n<p><strong>Otros tr\u00e1mites administrativos<\/strong><\/p>\n<ul>\n<li>Tr\u00e1mites con organismos p\u00fablicos y presentaci\u00f3n de documentos<\/li>\n<li>Certificados y autorizaciones diversas<\/li>\n<li>Asesoramiento en documentaci\u00f3n para familias y negocios<\/li>\n<\/ul>\n[\/vc_column_text][\/vc_column_inner][vc_column_inner width=\u00bb1\/4&#8243;][\/vc_column_inner][\/vc_row_inner][\/vc_column][vc_column width=\u00bb1\/4&#8243;][\/vc_column][\/vc_row][vc_row][vc_column css=\u00bb.vc_custom_1753952767487{padding-right: 5% !important;padding-left: 5% !important;}\u00bb][vc_empty_space height=\u00bb50px\u00bb][vc_row_inner][vc_column_inner width=\u00bb2\/3&#8243;][vc_column_text css=\u00bb.vc_custom_1764584042977{padding-right: 5% !important;padding-left: 5% !important;}\u00bb text_align=\u00bbleft\u00bb color=\u00bb#000000&#8243; font_size=\u00bb30&#8243; font_family=\u00bbPoppins\u00bb letter_spacing=\u00bb-1px\u00bb line_height=\u00bb36px\u00bb font_weight=\u00bb700&#8243;]Gesti\u00f3n \u00e1gil y sin complicaciones[\/vc_column_text][vc_empty_space height=\u00bb20px\u00bb][vc_column_text css=\u00bb.vc_custom_1764584054752{padding-right: 5% !important;padding-left: 5% !important;}\u00bb text_align=\u00bbleft\u00bb color=\u00bb#000000&#8243; font_size=\u00bb16&#8243; font_family=\u00bbPoppins\u00bb line_height=\u00bb22px\u00bb font_weight=\u00bb400&#8243;]Con nuestro apoyo, te aseguras de que cada gesti\u00f3n se resuelva r\u00e1pidamente, con rigor y sin preocupaciones. Nuestra prioridad es liberarte de cargas administrativas para que puedas centrarte en lo que realmente importa.[\/vc_column_text][vc_empty_space height=\u00bb30px\u00bb]<style>.vcex-button.vcex_69e069bdaf7c9{background:#4277a2;color:#fefefe!important;}.vcex-button.vcex_69e069bdaf7c9:hover{background:#000000!important;color:#ffffff!important;}<\/style><div class=\"vc_custom_1764584085338 wpex-clr\"><a href=\"\/es\/contacta\" class=\"vcex-button theme-button medium align-left inline vcex_69e069bdaf7c9\"><span class=\"vcex-button-inner theme-button-inner wpex-flex wpex-flex-wrap wpex-items-center wpex-justify-center\"><span class=\"vcex-button-icon vcex-icon-wrap theme-button-icon-left\"><span class=\"wpex-icon\" aria-hidden=\"true\"><svg xmlns=\"http:\/\/www.w3.org\/2000\/svg\" viewBox=\"0 0 576 512\"><path d=\"M287.9 0c9.2 0 17.6 5.2 21.6 13.5l68.6 141.3 153.2 22.6c9 1.3 16.5 7.6 19.3 16.3s.5 18.1-5.9 24.5L433.6 328.4l26.2 155.6c1.5 9-2.2 18.1-9.7 23.5s-17.3 6-25.3 1.7l-137-73.2L151 509.1c-8.1 4.3-17.9 3.7-25.3-1.7s-11.2-14.5-9.7-23.5l26.2-155.6L31.1 218.2c-6.5-6.4-8.7-15.9-5.9-24.5s10.3-14.9 19.3-16.3l153.2-22.6L266.3 13.5C270.4 5.2 278.7 0 287.9 0zm0 79L235.4 187.2c-3.5 7.1-10.2 12.1-18.1 13.3L99 217.9 184.9 303c5.5 5.5 8.1 13.3 6.8 21L171.4 443.7l105.2-56.2c7.1-3.8 15.6-3.8 22.6 0l105.2 56.2L384.2 324.1c-1.3-7.7 1.2-15.5 6.8-21l85.9-85.1L358.6 200.5c-7.8-1.2-14.6-6.1-18.1-13.3L287.9 79z\"\/><\/svg><\/span><\/span>Descubre c\u00f3mo podemos ayudarte con tus tr\u00e1mites y seguros<\/span><\/a><\/div> [\/vc_column_inner][vc_column_inner width=\u00bb1\/3&#8243;][\/vc_column_inner][\/vc_row_inner][\/vc_column][\/vc_row]\n<\/div>","protected":false},"excerpt":{"rendered":"<p>[vc_row][vc_column css=\u00bb.vc_custom_1753952767487{padding-right: 5% !important;padding-left: 5% !important;}\u00bb][vc_column_text css=\u00bb\u00bb color=\u00bb#000000&#8243; font_size=\u00bb30&#8243; font_family=\u00bbPoppins\u00bb line_height=\u00bb36px\u00bb letter_spacing=\u00bb-1px\u00bb font_weight=\u00bb700&#8243;] Servicios complementarios para hacerte la vida m\u00e1s f\u00e1cil [\/vc_column_text][vc_column_text css=\u00bb.vc_custom_1764583944651{padding-right: 5% !important;}\u00bb text_align=\u00bbleft\u00bb color=\u00bb#000000&#8243; font_size=\u00bb24&#8243; font_family=\u00bbPoppins\u00bb letter_spacing=\u00bb-1px\u00bb line_height=\u00bb30px\u00bb font_weight=\u00bb500&#8243;]Tr\u00e1mites y gestiones con la misma confianza de siempre[\/vc_column_text][\/vc_column][\/vc_row][vc_row full_width=\u00bbstretch_row_content_no_spaces\u00bb content_placement=\u00bbmiddle\u00bb css=\u00bb.vc_custom_1753953686673{border-top-width: 40px !important;background-image: url(https:\/\/assessoriabuch.com\/wp-content\/uploads\/2025\/07\/fondoA-1.jpg?id=321) !important;border-top-style: solid !important;border-color: #4277A2 !important;}\u00bb][vc_column width=\u00bb1\/4&#8243;][\/vc_column][vc_column width=\u00bb3\/4&#8243;][vc_empty_space height=\u00bb50px\u00bb][vc_row_inner][vc_column_inner width=\u00bb1\/4&#8243;][\/vc_column_inner][vc_column_inner&hellip;<\/p>\n","protected":false},"author":2,"featured_media":0,"parent":0,"menu_order":0,"comment_status":"closed","ping_status":"closed","template":"","meta":{"footnotes":""},"class_list":["post-446","page","type-page","status-publish","hentry","entry","no-media"],"yoast_head":"<!-- This site is optimized with the Yoast SEO plugin v26.1.1 - https:\/\/yoast.com\/wordpress\/plugins\/seo\/ -->\n<title>Otros servicios - Buch Assessors Matar\u00f3<\/title>\n<meta name=\"robots\" content=\"index, follow, max-snippet:-1, max-image-preview:large, max-video-preview:-1\" \/>\n<link rel=\"canonical\" href=\"https:\/\/assessoriabuch.com\/es\/otros-servicios\/\" \/>\n<meta property=\"og:locale\" content=\"es_ES\" \/>\n<meta property=\"og:type\" content=\"article\" \/>\n<meta property=\"og:title\" content=\"Otros servicios - Buch Assessors Matar\u00f3\" \/>\n<meta property=\"og:description\" content=\"[vc_row][vc_column css=\u00bb.vc_custom_1753952767487{padding-right: 5% !important;padding-left: 5% !important;}\u00bb][vc_column_text css=\u00bb\u00bb color=\u00bb#000000&#8243; font_size=\u00bb30&#8243; font_family=\u00bbPoppins\u00bb line_height=\u00bb36px\u00bb letter_spacing=\u00bb-1px\u00bb font_weight=\u00bb700&#8243;] Servicios complementarios para hacerte la vida m\u00e1s f\u00e1cil [\/vc_column_text][vc_column_text css=\u00bb.vc_custom_1764583944651{padding-right: 5% !important;}\u00bb text_align=\u00bbleft\u00bb color=\u00bb#000000&#8243; font_size=\u00bb24&#8243; font_family=\u00bbPoppins\u00bb letter_spacing=\u00bb-1px\u00bb line_height=\u00bb30px\u00bb font_weight=\u00bb500&#8243;]Tr\u00e1mites y gestiones con la misma confianza de siempre[\/vc_column_text][\/vc_column][\/vc_row][vc_row full_width=\u00bbstretch_row_content_no_spaces\u00bb content_placement=\u00bbmiddle\u00bb css=\u00bb.vc_custom_1753953686673{border-top-width: 40px !important;background-image: url(https:\/\/assessoriabuch.com\/wp-content\/uploads\/2025\/07\/fondoA-1.jpg?id=321) !important;border-top-style: solid !important;border-color: #4277A2 !important;}\u00bb][vc_column width=\u00bb1\/4&#8243;][\/vc_column][vc_column width=\u00bb3\/4&#8243;][vc_empty_space height=\u00bb50px\u00bb][vc_row_inner][vc_column_inner width=\u00bb1\/4&#8243;][\/vc_column_inner][vc_column_inner&hellip;\" \/>\n<meta property=\"og:url\" content=\"https:\/\/assessoriabuch.com\/es\/otros-servicios\/\" \/>\n<meta property=\"og:site_name\" content=\"Buch Assessors Matar\u00f3\" \/>\n<meta property=\"article:modified_time\" content=\"2025-12-01T10:14:51+00:00\" \/>\n<meta name=\"twitter:card\" content=\"summary_large_image\" \/>\n<meta name=\"twitter:label1\" content=\"Tiempo de lectura\" \/>\n\t<meta name=\"twitter:data1\" content=\"2 minutos\" \/>\n<script type=\"application\/ld+json\" class=\"yoast-schema-graph\">{\"@context\":\"https:\/\/schema.org\",\"@graph\":[{\"@type\":\"WebPage\",\"@id\":\"https:\/\/assessoriabuch.com\/es\/otros-servicios\/\",\"url\":\"https:\/\/assessoriabuch.com\/es\/otros-servicios\/\",\"name\":\"Otros servicios - Buch Assessors Matar\u00f3\",\"isPartOf\":{\"@id\":\"https:\/\/assessoriabuch.com\/#website\"},\"datePublished\":\"2025-07-31T10:21:50+00:00\",\"dateModified\":\"2025-12-01T10:14:51+00:00\",\"breadcrumb\":{\"@id\":\"https:\/\/assessoriabuch.com\/es\/otros-servicios\/#breadcrumb\"},\"inLanguage\":\"es\",\"potentialAction\":[{\"@type\":\"ReadAction\",\"target\":[\"https:\/\/assessoriabuch.com\/es\/otros-servicios\/\"]}]},{\"@type\":\"BreadcrumbList\",\"@id\":\"https:\/\/assessoriabuch.com\/es\/otros-servicios\/#breadcrumb\",\"itemListElement\":[{\"@type\":\"ListItem\",\"position\":1,\"name\":\"Home\",\"item\":\"https:\/\/assessoriabuch.com\/es\/\"},{\"@type\":\"ListItem\",\"position\":2,\"name\":\"Otros servicios\"}]},{\"@type\":\"WebSite\",\"@id\":\"https:\/\/assessoriabuch.com\/#website\",\"url\":\"https:\/\/assessoriabuch.com\/\",\"name\":\"Buch Assessors Matar\u00f3\",\"description\":\"Cetrex new project\",\"publisher\":{\"@id\":\"https:\/\/assessoriabuch.com\/#organization\"},\"potentialAction\":[{\"@type\":\"SearchAction\",\"target\":{\"@type\":\"EntryPoint\",\"urlTemplate\":\"https:\/\/assessoriabuch.com\/?s={search_term_string}\"},\"query-input\":{\"@type\":\"PropertyValueSpecification\",\"valueRequired\":true,\"valueName\":\"search_term_string\"}}],\"inLanguage\":\"es\"},{\"@type\":\"Organization\",\"@id\":\"https:\/\/assessoriabuch.com\/#organization\",\"name\":\"Buch Assessors Matar\u00f3\",\"url\":\"https:\/\/assessoriabuch.com\/\",\"logo\":{\"@type\":\"ImageObject\",\"inLanguage\":\"es\",\"@id\":\"https:\/\/assessoriabuch.com\/#\/schema\/logo\/image\/\",\"url\":\"https:\/\/assessoriabuch.com\/wp-content\/uploads\/2025\/07\/logoboCOL.png\",\"contentUrl\":\"https:\/\/assessoriabuch.com\/wp-content\/uploads\/2025\/07\/logoboCOL.png\",\"width\":673,\"height\":214,\"caption\":\"Buch Assessors Matar\u00f3\"},\"image\":{\"@id\":\"https:\/\/assessoriabuch.com\/#\/schema\/logo\/image\/\"}}]}<\/script>\n<!-- \/ Yoast SEO plugin. -->","yoast_head_json":{"title":"Otros servicios - Buch Assessors Matar\u00f3","robots":{"index":"index","follow":"follow","max-snippet":"max-snippet:-1","max-image-preview":"max-image-preview:large","max-video-preview":"max-video-preview:-1"},"canonical":"https:\/\/assessoriabuch.com\/es\/otros-servicios\/","og_locale":"es_ES","og_type":"article","og_title":"Otros servicios - Buch Assessors Matar\u00f3","og_description":"[vc_row][vc_column css=\u00bb.vc_custom_1753952767487{padding-right: 5% !important;padding-left: 5% !important;}\u00bb][vc_column_text css=\u00bb\u00bb color=\u00bb#000000&#8243; font_size=\u00bb30&#8243; font_family=\u00bbPoppins\u00bb line_height=\u00bb36px\u00bb letter_spacing=\u00bb-1px\u00bb font_weight=\u00bb700&#8243;] Servicios complementarios para hacerte la vida m\u00e1s f\u00e1cil [\/vc_column_text][vc_column_text css=\u00bb.vc_custom_1764583944651{padding-right: 5% !important;}\u00bb text_align=\u00bbleft\u00bb color=\u00bb#000000&#8243; font_size=\u00bb24&#8243; font_family=\u00bbPoppins\u00bb letter_spacing=\u00bb-1px\u00bb line_height=\u00bb30px\u00bb font_weight=\u00bb500&#8243;]Tr\u00e1mites y gestiones con la misma confianza de siempre[\/vc_column_text][\/vc_column][\/vc_row][vc_row full_width=\u00bbstretch_row_content_no_spaces\u00bb content_placement=\u00bbmiddle\u00bb css=\u00bb.vc_custom_1753953686673{border-top-width: 40px !important;background-image: url(https:\/\/assessoriabuch.com\/wp-content\/uploads\/2025\/07\/fondoA-1.jpg?id=321) !important;border-top-style: solid !important;border-color: #4277A2 !important;}\u00bb][vc_column width=\u00bb1\/4&#8243;][\/vc_column][vc_column width=\u00bb3\/4&#8243;][vc_empty_space height=\u00bb50px\u00bb][vc_row_inner][vc_column_inner width=\u00bb1\/4&#8243;][\/vc_column_inner][vc_column_inner&hellip;","og_url":"https:\/\/assessoriabuch.com\/es\/otros-servicios\/","og_site_name":"Buch Assessors Matar\u00f3","article_modified_time":"2025-12-01T10:14:51+00:00","twitter_card":"summary_large_image","twitter_misc":{"Tiempo de lectura":"2 minutos"},"schema":{"@context":"https:\/\/schema.org","@graph":[{"@type":"WebPage","@id":"https:\/\/assessoriabuch.com\/es\/otros-servicios\/","url":"https:\/\/assessoriabuch.com\/es\/otros-servicios\/","name":"Otros servicios - Buch Assessors Matar\u00f3","isPartOf":{"@id":"https:\/\/assessoriabuch.com\/#website"},"datePublished":"2025-07-31T10:21:50+00:00","dateModified":"2025-12-01T10:14:51+00:00","breadcrumb":{"@id":"https:\/\/assessoriabuch.com\/es\/otros-servicios\/#breadcrumb"},"inLanguage":"es","potentialAction":[{"@type":"ReadAction","target":["https:\/\/assessoriabuch.com\/es\/otros-servicios\/"]}]},{"@type":"BreadcrumbList","@id":"https:\/\/assessoriabuch.com\/es\/otros-servicios\/#breadcrumb","itemListElement":[{"@type":"ListItem","position":1,"name":"Home","item":"https:\/\/assessoriabuch.com\/es\/"},{"@type":"ListItem","position":2,"name":"Otros servicios"}]},{"@type":"WebSite","@id":"https:\/\/assessoriabuch.com\/#website","url":"https:\/\/assessoriabuch.com\/","name":"Buch Assessors Matar\u00f3","description":"Cetrex new project","publisher":{"@id":"https:\/\/assessoriabuch.com\/#organization"},"potentialAction":[{"@type":"SearchAction","target":{"@type":"EntryPoint","urlTemplate":"https:\/\/assessoriabuch.com\/?s={search_term_string}"},"query-input":{"@type":"PropertyValueSpecification","valueRequired":true,"valueName":"search_term_string"}}],"inLanguage":"es"},{"@type":"Organization","@id":"https:\/\/assessoriabuch.com\/#organization","name":"Buch Assessors Matar\u00f3","url":"https:\/\/assessoriabuch.com\/","logo":{"@type":"ImageObject","inLanguage":"es","@id":"https:\/\/assessoriabuch.com\/#\/schema\/logo\/image\/","url":"https:\/\/assessoriabuch.com\/wp-content\/uploads\/2025\/07\/logoboCOL.png","contentUrl":"https:\/\/assessoriabuch.com\/wp-content\/uploads\/2025\/07\/logoboCOL.png","width":673,"height":214,"caption":"Buch Assessors Matar\u00f3"},"image":{"@id":"https:\/\/assessoriabuch.com\/#\/schema\/logo\/image\/"}}]}},"_links":{"self":[{"href":"https:\/\/assessoriabuch.com\/es\/wp-json\/wp\/v2\/pages\/446","targetHints":{"allow":["GET"]}}],"collection":[{"href":"https:\/\/assessoriabuch.com\/es\/wp-json\/wp\/v2\/pages"}],"about":[{"href":"https:\/\/assessoriabuch.com\/es\/wp-json\/wp\/v2\/types\/page"}],"author":[{"embeddable":true,"href":"https:\/\/assessoriabuch.com\/es\/wp-json\/wp\/v2\/users\/2"}],"replies":[{"embeddable":true,"href":"https:\/\/assessoriabuch.com\/es\/wp-json\/wp\/v2\/comments?post=446"}],"version-history":[{"count":3,"href":"https:\/\/assessoriabuch.com\/es\/wp-json\/wp\/v2\/pages\/446\/revisions"}],"predecessor-version":[{"id":605,"href":"https:\/\/assessoriabuch.com\/es\/wp-json\/wp\/v2\/pages\/446\/revisions\/605"}],"wp:attachment":[{"href":"https:\/\/assessoriabuch.com\/es\/wp-json\/wp\/v2\/media?parent=446"}],"curies":[{"name":"wp","href":"https:\/\/api.w.org\/{rel}","templated":true}]}}