{"id":451,"date":"2025-07-31T10:19:10","date_gmt":"2025-07-31T10:19:10","guid":{"rendered":"https:\/\/assessoriabuch.com\/area-laboral\/"},"modified":"2025-12-01T08:57:52","modified_gmt":"2025-12-01T08:57:52","slug":"area-laboral","status":"publish","type":"page","link":"https:\/\/assessoriabuch.com\/es\/area-laboral\/","title":{"rendered":"\u00c1rea laboral"},"content":{"rendered":"<div class=\"wpb-content-wrapper\">[vc_row][vc_column css=\u00bb.vc_custom_1753952767487{padding-right: 5% !important;padding-left: 5% !important;}\u00bb][vc_column_text css=\u00bb.vc_custom_1764579236812{padding-bottom: 1% !important;}\u00bb color=\u00bb#000000&#8243; font_size=\u00bb36&#8243; font_family=\u00bbPoppins\u00bb line_height=\u00bb36px\u00bb letter_spacing=\u00bb-1px\u00bb font_weight=\u00bb700&#8243;]Gesti\u00f3n laboral clara y eficiente[\/vc_column_text][vc_column_text css=\u00bb.vc_custom_1764579247747{padding-right: 5% !important;}\u00bb text_align=\u00bbleft\u00bb color=\u00bb#000000&#8243; font_size=\u00bb24&#8243; font_family=\u00bbPoppins\u00bb letter_spacing=\u00bb-1px\u00bb line_height=\u00bb30px\u00bb font_weight=\u00bb500&#8243;]Soluciones para empresas y aut\u00f3nomos con la mayor tranquilidad[\/vc_column_text][\/vc_column][\/vc_row][vc_row full_width=\u00bbstretch_row_content_no_spaces\u00bb content_placement=\u00bbmiddle\u00bb css=\u00bb.vc_custom_1753953686673{border-top-width: 40px !important;background-image: url(https:\/\/assessoriabuch.com\/wp-content\/uploads\/2025\/07\/fondoA-1.jpg?id=321) !important;border-top-style: solid !important;border-color: #4277A2 !important;}\u00bb][vc_column width=\u00bb1\/4&#8243;][\/vc_column][vc_column width=\u00bb3\/4&#8243;][vc_empty_space height=\u00bb50px\u00bb][vc_row_inner][vc_column_inner width=\u00bb1\/4&#8243;][\/vc_column_inner][vc_column_inner width=\u00bb1\/2&#8243;][vc_column_text css=\u00bb.vc_custom_1753339715373{padding-right: 5% !important;}\u00bb text_align=\u00bbright\u00bb color=\u00bb#000000&#8243; font_size=\u00bb14&#8243; font_family=\u00bbPoppins\u00bb text_transform=\u00bbuppercase\u00bb letter_spacing=\u00bb1px\u00bb]Assessoria Buch[\/vc_column_text][vc_empty_space height=\u00bb10px\u00bb]<style>.vcex-heading.vcex_69e34b6e3ab14{font-size:14px;font-family:Poppins, sans-serif;font-weight:500;text-transform:uppercase;letter-spacing:1px;}<\/style><h1 class=\"vcex-heading vcex-heading-plain vcex-module wpex-heading wpex-text-2xl wpex-text-right vc_custom_1764579268504 vcex_69e34b6e3ab14\"><span class=\"vcex-heading-inner wpex-inline-block\">Gestor\u00eda para aut\u00f3nomos y pymes en Catalunya<\/span><\/h1>[vc_empty_space height=\u00bb10px\u00bb][vc_column_text css=\u00bb.vc_custom_1764579286701{padding-right: 5% !important;}\u00bb text_align=\u00bbright\u00bb color=\u00bb#000000&#8243; font_size=\u00bb30&#8243; font_family=\u00bbPoppins\u00bb letter_spacing=\u00bb-1px\u00bb line_height=\u00bb36px\u00bb font_weight=\u00bb700&#8243;]Tranquilidad en la gesti\u00f3n de tu equipo humano[\/vc_column_text][vc_empty_space height=\u00bb20px\u00bb][vc_column_text css=\u00bb.vc_custom_1764579304202{padding-right: 5% !important;padding-left: 5% !important;}\u00bb text_align=\u00bbright\u00bb color=\u00bb#000000&#8243; font_size=\u00bb16&#8243; line_height=\u00bbnormal\u00bb]\n<p data-start=\"478\" data-end=\"751\">Nos encargamos de toda la gesti\u00f3n laboral para que puedas centrarte en hacer crecer tu negocio. Ofrecemos un servicio integral para empresas y aut\u00f3nomos, con la seguridad de cumplir todas las obligaciones ante la Seguridad Social y los organismos correspondientes.<\/p>\n<p data-start=\"478\" data-end=\"751\">Tambi\u00e9n te acompa\u00f1amos en la tramitaci\u00f3n de pensiones y prestaciones, siempre con cercan\u00eda y rigor profesional.<\/p>\n[\/vc_column_text][vc_empty_space height=\u00bb30px\u00bb]<style>.vcex-button.vcex_69e34b6e3ded4{background:#4277a2;color:#fefefe!important;}.vcex-button.vcex_69e34b6e3ded4:hover{background:#000000!important;color:#ffffff!important;}<\/style><div class=\"vc_custom_1764579326801 wpex-clr\"><a href=\"\/es\/contacta\" class=\"vcex-button theme-button medium align-right inline vcex_69e34b6e3ded4\"><span class=\"vcex-button-inner theme-button-inner wpex-flex wpex-flex-wrap wpex-items-center wpex-justify-center\"><span class=\"vcex-button-icon vcex-icon-wrap theme-button-icon-left\"><span class=\"wpex-icon\" aria-hidden=\"true\"><svg xmlns=\"http:\/\/www.w3.org\/2000\/svg\" viewBox=\"0 0 576 512\"><path d=\"M287.9 0c9.2 0 17.6 5.2 21.6 13.5l68.6 141.3 153.2 22.6c9 1.3 16.5 7.6 19.3 16.3s.5 18.1-5.9 24.5L433.6 328.4l26.2 155.6c1.5 9-2.2 18.1-9.7 23.5s-17.3 6-25.3 1.7l-137-73.2L151 509.1c-8.1 4.3-17.9 3.7-25.3-1.7s-11.2-14.5-9.7-23.5l26.2-155.6L31.1 218.2c-6.5-6.4-8.7-15.9-5.9-24.5s10.3-14.9 19.3-16.3l153.2-22.6L266.3 13.5C270.4 5.2 278.7 0 287.9 0zm0 79L235.4 187.2c-3.5 7.1-10.2 12.1-18.1 13.3L99 217.9 184.9 303c5.5 5.5 8.1 13.3 6.8 21L171.4 443.7l105.2-56.2c7.1-3.8 15.6-3.8 22.6 0l105.2 56.2L384.2 324.1c-1.3-7.7 1.2-15.5 6.8-21l85.9-85.1L358.6 200.5c-7.8-1.2-14.6-6.1-18.1-13.3L287.9 79z\"\/><\/svg><\/span><\/span>Contacta con nuestro equipo laboral y gestiona tu negocio con tranquilidad<\/span><\/a><\/div> [\/vc_column_inner][vc_column_inner width=\u00bb1\/4&#8243;][\/vc_column_inner][\/vc_row_inner][\/vc_column][\/vc_row][vc_row full_width=\u00bbstretch_row_content_no_spaces\u00bb css=\u00bb.vc_custom_1753959309483{background: #4277A2 url(https:\/\/assessoriabuch.com\/wp-content\/uploads\/2025\/07\/laboral.png?id=398) !important;}\u00bb][vc_column][vc_empty_space height=\u00bb400px\u00bb][\/vc_column][\/vc_row][vc_row full_width=\u00bbstretch_row_content_no_spaces\u00bb content_placement=\u00bbmiddle\u00bb css=\u00bb.vc_custom_1753953041567{border-bottom-width: 40px !important;background-image: url(https:\/\/assessoriabuch.com\/wp-content\/uploads\/2025\/07\/fondoB-1.jpg?id=322) !important;border-bottom-style: solid !important;border-color: #4277A2 !important;}\u00bb][vc_column width=\u00bb3\/4&#8243;][vc_empty_space height=\u00bb50px\u00bb][vc_row_inner][vc_column_inner width=\u00bb1\/4&#8243;][\/vc_column_inner][vc_column_inner width=\u00bb1\/2&#8243;][vc_column_text css=\u00bb.vc_custom_1764579346901{padding-right: 5% !important;}\u00bb text_align=\u00bbleft\u00bb color=\u00bb#000000&#8243; font_size=\u00bb14&#8243; font_family=\u00bbPoppins\u00bb letter_spacing=\u00bb-1px\u00bb line_height=\u00bb36px\u00bb font_weight=\u00bb800&#8243;]\n<h2>Servicios \u00e1rea laboral<\/h2>\n[\/vc_column_text][vc_empty_space height=\u00bb20px\u00bb][vc_column_text css=\u00bb.vc_custom_1764579372649{padding-right: 5% !important;padding-left: 5% !important;}\u00bb text_align=\u00bbleft\u00bb color=\u00bb#000000&#8243; font_size=\u00bb16&#8243; line_height=\u00bbnormal\u00bb]<strong>Gesti\u00f3n laboral para empresas y aut\u00f3nomos<\/strong><\/p>\n<ul>\n<li>Contrataci\u00f3n y altas de trabajadores.<\/li>\n<li>Elaboraci\u00f3n de n\u00f3minas, cotizaciones y comunicaciones a la Seguridad Social.<\/li>\n<li>Bajas, despidos y variaciones de datos laborales.<\/li>\n<\/ul>\n<p><strong>Tr\u00e1mites y asesoramiento con organismos oficiales<\/strong><\/p>\n<ul>\n<li>Presentaci\u00f3n de documentos ante la TGSS, SEPE y otros organismos.<\/li>\n<li>Comunicaci\u00f3n de incidencias laborales e informes de empresa.<\/li>\n<li>Asistencia en procedimientos laborales y consultas preventivas.<\/li>\n<\/ul>\n<p><strong>Pensiones y prestaciones<\/strong><\/p>\n<ul>\n<li>Tramitaci\u00f3n de pensiones contributivas y no contributivas.<\/li>\n<li>Asesoramiento en prestaciones por enfermedad, maternidad o jubilaci\u00f3n.<\/li>\n<li>Gesti\u00f3n de expedientes y seguimiento de resoluciones.<\/li>\n<\/ul>\n[\/vc_column_text][\/vc_column_inner][vc_column_inner width=\u00bb1\/4&#8243;][\/vc_column_inner][\/vc_row_inner][\/vc_column][vc_column width=\u00bb1\/4&#8243;][\/vc_column][\/vc_row][vc_row][vc_column css=\u00bb.vc_custom_1753952767487{padding-right: 5% !important;padding-left: 5% !important;}\u00bb][vc_empty_space height=\u00bb50px\u00bb][vc_row_inner][vc_column_inner width=\u00bb2\/3&#8243;][vc_column_text css=\u00bb.vc_custom_1764579406116{padding-right: 5% !important;padding-left: 5% !important;}\u00bb text_align=\u00bbleft\u00bb color=\u00bb#000000&#8243; font_size=\u00bb30&#8243; font_family=\u00bbPoppins\u00bb letter_spacing=\u00bb-1px\u00bb line_height=\u00bb36px\u00bb font_weight=\u00bb700&#8243;]Seguridad y proximidad en la gesti\u00f3n laboral[\/vc_column_text][vc_empty_space height=\u00bb20px\u00bb]<style>.vcex-heading.vcex_69e34b6e3eb8d{font-size:14px;font-family:Poppins, sans-serif;font-weight:500;}<\/style><h2 class=\"vcex-heading vcex-heading-plain vcex-module wpex-heading wpex-text-2xl wpex-text-right vc_custom_1764579431998 vcex_69e34b6e3eb8d\"><span class=\"vcex-heading-inner wpex-inline-block\">Gestor\u00eda para aut\u00f3nomos y pymes en Catalu\u00f1a<\/span><\/h2>[vc_empty_space height=\u00bb20px\u00bb][vc_column_text css=\u00bb.vc_custom_1764579455270{padding-right: 5% !important;padding-left: 5% !important;}\u00bb text_align=\u00bbleft\u00bb color=\u00bb#000000&#8243; font_size=\u00bb16&#8243; font_family=\u00bbPoppins\u00bb line_height=\u00bb22px\u00bb font_weight=\u00bb400&#8243;]Entendemos que la gesti\u00f3n laboral es un aspecto clave para la tranquilidad de cualquier empresa o profesional.<\/p>\n<p>Te acompa\u00f1amos con un trato cercano y transparente, resolviendo cada tr\u00e1mite con eficiencia, y ayud\u00e1ndote a anticipar posibles incidencias.[\/vc_column_text][vc_empty_space height=\u00bb30px\u00bb]<style>.vcex-button.vcex_69e34b6e3fa45{background:#4277a2;color:#fefefe!important;}.vcex-button.vcex_69e34b6e3fa45:hover{background:#000000!important;color:#ffffff!important;}<\/style><div class=\"vc_custom_1764579468702 wpex-clr\"><a href=\"\/es\/contacta\" class=\"vcex-button theme-button medium align-left inline vcex_69e34b6e3fa45\"><span class=\"vcex-button-inner theme-button-inner wpex-flex wpex-flex-wrap wpex-items-center wpex-justify-center\"><span class=\"vcex-button-icon vcex-icon-wrap theme-button-icon-left\"><span class=\"wpex-icon\" aria-hidden=\"true\"><svg xmlns=\"http:\/\/www.w3.org\/2000\/svg\" viewBox=\"0 0 576 512\"><path d=\"M287.9 0c9.2 0 17.6 5.2 21.6 13.5l68.6 141.3 153.2 22.6c9 1.3 16.5 7.6 19.3 16.3s.5 18.1-5.9 24.5L433.6 328.4l26.2 155.6c1.5 9-2.2 18.1-9.7 23.5s-17.3 6-25.3 1.7l-137-73.2L151 509.1c-8.1 4.3-17.9 3.7-25.3-1.7s-11.2-14.5-9.7-23.5l26.2-155.6L31.1 218.2c-6.5-6.4-8.7-15.9-5.9-24.5s10.3-14.9 19.3-16.3l153.2-22.6L266.3 13.5C270.4 5.2 278.7 0 287.9 0zm0 79L235.4 187.2c-3.5 7.1-10.2 12.1-18.1 13.3L99 217.9 184.9 303c5.5 5.5 8.1 13.3 6.8 21L171.4 443.7l105.2-56.2c7.1-3.8 15.6-3.8 22.6 0l105.2 56.2L384.2 324.1c-1.3-7.7 1.2-15.5 6.8-21l85.9-85.1L358.6 200.5c-7.8-1.2-14.6-6.1-18.1-13.3L287.9 79z\"\/><\/svg><\/span><\/span>Habla con nuestro equipo laboral y gestiona tu negocio con tranquilidad<\/span><\/a><\/div> [\/vc_column_inner][vc_column_inner width=\u00bb1\/3&#8243;][\/vc_column_inner][\/vc_row_inner][\/vc_column][\/vc_row]\n<\/div>","protected":false},"excerpt":{"rendered":"<p>[vc_row][vc_column css=\u00bb.vc_custom_1753952767487{padding-right: 5% !important;padding-left: 5% !important;}\u00bb][vc_column_text css=\u00bb.vc_custom_1764579236812{padding-bottom: 1% !important;}\u00bb color=\u00bb#000000&#8243; font_size=\u00bb36&#8243; font_family=\u00bbPoppins\u00bb line_height=\u00bb36px\u00bb letter_spacing=\u00bb-1px\u00bb font_weight=\u00bb700&#8243;]Gesti\u00f3n laboral clara y eficiente[\/vc_column_text][vc_column_text css=\u00bb.vc_custom_1764579247747{padding-right: 5% !important;}\u00bb text_align=\u00bbleft\u00bb color=\u00bb#000000&#8243; font_size=\u00bb24&#8243; font_family=\u00bbPoppins\u00bb letter_spacing=\u00bb-1px\u00bb line_height=\u00bb30px\u00bb font_weight=\u00bb500&#8243;]Soluciones para empresas y aut\u00f3nomos con la mayor tranquilidad[\/vc_column_text][\/vc_column][\/vc_row][vc_row full_width=\u00bbstretch_row_content_no_spaces\u00bb content_placement=\u00bbmiddle\u00bb css=\u00bb.vc_custom_1753953686673{border-top-width: 40px !important;background-image: url(https:\/\/assessoriabuch.com\/wp-content\/uploads\/2025\/07\/fondoA-1.jpg?id=321) !important;border-top-style: solid !important;border-color: #4277A2 !important;}\u00bb][vc_column width=\u00bb1\/4&#8243;][\/vc_column][vc_column width=\u00bb3\/4&#8243;][vc_empty_space height=\u00bb50px\u00bb][vc_row_inner][vc_column_inner width=\u00bb1\/4&#8243;][\/vc_column_inner][vc_column_inner width=\u00bb1\/2&#8243;][vc_column_text css=\u00bb.vc_custom_1753339715373{padding-right: 5%&hellip;<\/p>\n","protected":false},"author":2,"featured_media":501,"parent":0,"menu_order":0,"comment_status":"closed","ping_status":"closed","template":"","meta":{"footnotes":""},"class_list":["post-451","page","type-page","status-publish","has-post-thumbnail","hentry","entry","has-media"],"yoast_head":"<!-- This site is optimized with the Yoast SEO plugin v26.1.1 - https:\/\/yoast.com\/wordpress\/plugins\/seo\/ -->\n<title>\u00c1rea laboral - Buch Assessors Matar\u00f3<\/title>\n<meta name=\"description\" content=\"Gestoria per a aut\u00f2noms i pimes a Catalunya. Gesti\u00f3 laboral clara i eficient. Solucions per a empreses i aut\u00f2noms amb tranquil\u00b7litat\" \/>\n<meta name=\"robots\" content=\"index, follow, max-snippet:-1, max-image-preview:large, max-video-preview:-1\" \/>\n<link rel=\"canonical\" href=\"https:\/\/assessoriabuch.com\/es\/area-laboral\/\" \/>\n<meta property=\"og:locale\" content=\"es_ES\" \/>\n<meta property=\"og:type\" content=\"article\" \/>\n<meta property=\"og:title\" content=\"\u00c1rea laboral - Buch Assessors Matar\u00f3\" \/>\n<meta property=\"og:description\" content=\"Gestoria per a aut\u00f2noms i pimes a Catalunya. Gesti\u00f3 laboral clara i eficient. Solucions per a empreses i aut\u00f2noms amb tranquil\u00b7litat\" \/>\n<meta property=\"og:url\" content=\"https:\/\/assessoriabuch.com\/es\/area-laboral\/\" \/>\n<meta property=\"og:site_name\" content=\"Buch Assessors Matar\u00f3\" \/>\n<meta property=\"article:modified_time\" content=\"2025-12-01T08:57:52+00:00\" \/>\n<meta property=\"og:image\" content=\"https:\/\/assessoriabuch.com\/wp-content\/uploads\/2025\/10\/Gestoria-per-a-autonoms-i-pimes-a-Catalunya-Assessoria-Buch.jpg\" \/>\n\t<meta property=\"og:image:width\" content=\"500\" \/>\n\t<meta property=\"og:image:height\" content=\"500\" \/>\n\t<meta property=\"og:image:type\" content=\"image\/jpeg\" \/>\n<meta name=\"twitter:card\" content=\"summary_large_image\" \/>\n<meta name=\"twitter:label1\" content=\"Tiempo de lectura\" \/>\n\t<meta name=\"twitter:data1\" content=\"3 minutos\" \/>\n<script type=\"application\/ld+json\" class=\"yoast-schema-graph\">{\"@context\":\"https:\/\/schema.org\",\"@graph\":[{\"@type\":\"WebPage\",\"@id\":\"https:\/\/assessoriabuch.com\/es\/area-laboral\/\",\"url\":\"https:\/\/assessoriabuch.com\/es\/area-laboral\/\",\"name\":\"\u00c1rea laboral - Buch Assessors Matar\u00f3\",\"isPartOf\":{\"@id\":\"https:\/\/assessoriabuch.com\/#website\"},\"primaryImageOfPage\":{\"@id\":\"https:\/\/assessoriabuch.com\/es\/area-laboral\/#primaryimage\"},\"image\":{\"@id\":\"https:\/\/assessoriabuch.com\/es\/area-laboral\/#primaryimage\"},\"thumbnailUrl\":\"https:\/\/assessoriabuch.com\/wp-content\/uploads\/2025\/10\/Gestoria-per-a-autonoms-i-pimes-a-Catalunya-Assessoria-Buch.jpg\",\"datePublished\":\"2025-07-31T10:19:10+00:00\",\"dateModified\":\"2025-12-01T08:57:52+00:00\",\"description\":\"Gestoria per a aut\u00f2noms i pimes a Catalunya. Gesti\u00f3 laboral clara i eficient. Solucions per a empreses i aut\u00f2noms amb tranquil\u00b7litat\",\"breadcrumb\":{\"@id\":\"https:\/\/assessoriabuch.com\/es\/area-laboral\/#breadcrumb\"},\"inLanguage\":\"es\",\"potentialAction\":[{\"@type\":\"ReadAction\",\"target\":[\"https:\/\/assessoriabuch.com\/es\/area-laboral\/\"]}]},{\"@type\":\"ImageObject\",\"inLanguage\":\"es\",\"@id\":\"https:\/\/assessoriabuch.com\/es\/area-laboral\/#primaryimage\",\"url\":\"https:\/\/assessoriabuch.com\/wp-content\/uploads\/2025\/10\/Gestoria-per-a-autonoms-i-pimes-a-Catalunya-Assessoria-Buch.jpg\",\"contentUrl\":\"https:\/\/assessoriabuch.com\/wp-content\/uploads\/2025\/10\/Gestoria-per-a-autonoms-i-pimes-a-Catalunya-Assessoria-Buch.jpg\",\"width\":500,\"height\":500,\"caption\":\"Gestoria per a aut\u00f2noms i pimes a Catalunya\"},{\"@type\":\"BreadcrumbList\",\"@id\":\"https:\/\/assessoriabuch.com\/es\/area-laboral\/#breadcrumb\",\"itemListElement\":[{\"@type\":\"ListItem\",\"position\":1,\"name\":\"Home\",\"item\":\"https:\/\/assessoriabuch.com\/es\/\"},{\"@type\":\"ListItem\",\"position\":2,\"name\":\"\u00c1rea laboral\"}]},{\"@type\":\"WebSite\",\"@id\":\"https:\/\/assessoriabuch.com\/#website\",\"url\":\"https:\/\/assessoriabuch.com\/\",\"name\":\"Buch Assessors Matar\u00f3\",\"description\":\"Cetrex new project\",\"publisher\":{\"@id\":\"https:\/\/assessoriabuch.com\/#organization\"},\"potentialAction\":[{\"@type\":\"SearchAction\",\"target\":{\"@type\":\"EntryPoint\",\"urlTemplate\":\"https:\/\/assessoriabuch.com\/?s={search_term_string}\"},\"query-input\":{\"@type\":\"PropertyValueSpecification\",\"valueRequired\":true,\"valueName\":\"search_term_string\"}}],\"inLanguage\":\"es\"},{\"@type\":\"Organization\",\"@id\":\"https:\/\/assessoriabuch.com\/#organization\",\"name\":\"Buch Assessors Matar\u00f3\",\"url\":\"https:\/\/assessoriabuch.com\/\",\"logo\":{\"@type\":\"ImageObject\",\"inLanguage\":\"es\",\"@id\":\"https:\/\/assessoriabuch.com\/#\/schema\/logo\/image\/\",\"url\":\"https:\/\/assessoriabuch.com\/wp-content\/uploads\/2025\/07\/logoboCOL.png\",\"contentUrl\":\"https:\/\/assessoriabuch.com\/wp-content\/uploads\/2025\/07\/logoboCOL.png\",\"width\":673,\"height\":214,\"caption\":\"Buch Assessors Matar\u00f3\"},\"image\":{\"@id\":\"https:\/\/assessoriabuch.com\/#\/schema\/logo\/image\/\"}}]}<\/script>\n<!-- \/ Yoast SEO plugin. -->","yoast_head_json":{"title":"\u00c1rea laboral - Buch Assessors Matar\u00f3","description":"Gestoria per a aut\u00f2noms i pimes a Catalunya. Gesti\u00f3 laboral clara i eficient. Solucions per a empreses i aut\u00f2noms amb tranquil\u00b7litat","robots":{"index":"index","follow":"follow","max-snippet":"max-snippet:-1","max-image-preview":"max-image-preview:large","max-video-preview":"max-video-preview:-1"},"canonical":"https:\/\/assessoriabuch.com\/es\/area-laboral\/","og_locale":"es_ES","og_type":"article","og_title":"\u00c1rea laboral - Buch Assessors Matar\u00f3","og_description":"Gestoria per a aut\u00f2noms i pimes a Catalunya. Gesti\u00f3 laboral clara i eficient. Solucions per a empreses i aut\u00f2noms amb tranquil\u00b7litat","og_url":"https:\/\/assessoriabuch.com\/es\/area-laboral\/","og_site_name":"Buch Assessors Matar\u00f3","article_modified_time":"2025-12-01T08:57:52+00:00","og_image":[{"width":500,"height":500,"url":"https:\/\/assessoriabuch.com\/wp-content\/uploads\/2025\/10\/Gestoria-per-a-autonoms-i-pimes-a-Catalunya-Assessoria-Buch.jpg","type":"image\/jpeg"}],"twitter_card":"summary_large_image","twitter_misc":{"Tiempo de lectura":"3 minutos"},"schema":{"@context":"https:\/\/schema.org","@graph":[{"@type":"WebPage","@id":"https:\/\/assessoriabuch.com\/es\/area-laboral\/","url":"https:\/\/assessoriabuch.com\/es\/area-laboral\/","name":"\u00c1rea laboral - Buch Assessors Matar\u00f3","isPartOf":{"@id":"https:\/\/assessoriabuch.com\/#website"},"primaryImageOfPage":{"@id":"https:\/\/assessoriabuch.com\/es\/area-laboral\/#primaryimage"},"image":{"@id":"https:\/\/assessoriabuch.com\/es\/area-laboral\/#primaryimage"},"thumbnailUrl":"https:\/\/assessoriabuch.com\/wp-content\/uploads\/2025\/10\/Gestoria-per-a-autonoms-i-pimes-a-Catalunya-Assessoria-Buch.jpg","datePublished":"2025-07-31T10:19:10+00:00","dateModified":"2025-12-01T08:57:52+00:00","description":"Gestoria per a aut\u00f2noms i pimes a Catalunya. Gesti\u00f3 laboral clara i eficient. Solucions per a empreses i aut\u00f2noms amb tranquil\u00b7litat","breadcrumb":{"@id":"https:\/\/assessoriabuch.com\/es\/area-laboral\/#breadcrumb"},"inLanguage":"es","potentialAction":[{"@type":"ReadAction","target":["https:\/\/assessoriabuch.com\/es\/area-laboral\/"]}]},{"@type":"ImageObject","inLanguage":"es","@id":"https:\/\/assessoriabuch.com\/es\/area-laboral\/#primaryimage","url":"https:\/\/assessoriabuch.com\/wp-content\/uploads\/2025\/10\/Gestoria-per-a-autonoms-i-pimes-a-Catalunya-Assessoria-Buch.jpg","contentUrl":"https:\/\/assessoriabuch.com\/wp-content\/uploads\/2025\/10\/Gestoria-per-a-autonoms-i-pimes-a-Catalunya-Assessoria-Buch.jpg","width":500,"height":500,"caption":"Gestoria per a aut\u00f2noms i pimes a Catalunya"},{"@type":"BreadcrumbList","@id":"https:\/\/assessoriabuch.com\/es\/area-laboral\/#breadcrumb","itemListElement":[{"@type":"ListItem","position":1,"name":"Home","item":"https:\/\/assessoriabuch.com\/es\/"},{"@type":"ListItem","position":2,"name":"\u00c1rea laboral"}]},{"@type":"WebSite","@id":"https:\/\/assessoriabuch.com\/#website","url":"https:\/\/assessoriabuch.com\/","name":"Buch Assessors Matar\u00f3","description":"Cetrex new project","publisher":{"@id":"https:\/\/assessoriabuch.com\/#organization"},"potentialAction":[{"@type":"SearchAction","target":{"@type":"EntryPoint","urlTemplate":"https:\/\/assessoriabuch.com\/?s={search_term_string}"},"query-input":{"@type":"PropertyValueSpecification","valueRequired":true,"valueName":"search_term_string"}}],"inLanguage":"es"},{"@type":"Organization","@id":"https:\/\/assessoriabuch.com\/#organization","name":"Buch Assessors Matar\u00f3","url":"https:\/\/assessoriabuch.com\/","logo":{"@type":"ImageObject","inLanguage":"es","@id":"https:\/\/assessoriabuch.com\/#\/schema\/logo\/image\/","url":"https:\/\/assessoriabuch.com\/wp-content\/uploads\/2025\/07\/logoboCOL.png","contentUrl":"https:\/\/assessoriabuch.com\/wp-content\/uploads\/2025\/07\/logoboCOL.png","width":673,"height":214,"caption":"Buch Assessors Matar\u00f3"},"image":{"@id":"https:\/\/assessoriabuch.com\/#\/schema\/logo\/image\/"}}]}},"_links":{"self":[{"href":"https:\/\/assessoriabuch.com\/es\/wp-json\/wp\/v2\/pages\/451","targetHints":{"allow":["GET"]}}],"collection":[{"href":"https:\/\/assessoriabuch.com\/es\/wp-json\/wp\/v2\/pages"}],"about":[{"href":"https:\/\/assessoriabuch.com\/es\/wp-json\/wp\/v2\/types\/page"}],"author":[{"embeddable":true,"href":"https:\/\/assessoriabuch.com\/es\/wp-json\/wp\/v2\/users\/2"}],"replies":[{"embeddable":true,"href":"https:\/\/assessoriabuch.com\/es\/wp-json\/wp\/v2\/comments?post=451"}],"version-history":[{"count":20,"href":"https:\/\/assessoriabuch.com\/es\/wp-json\/wp\/v2\/pages\/451\/revisions"}],"predecessor-version":[{"id":585,"href":"https:\/\/assessoriabuch.com\/es\/wp-json\/wp\/v2\/pages\/451\/revisions\/585"}],"wp:featuredmedia":[{"embeddable":true,"href":"https:\/\/assessoriabuch.com\/es\/wp-json\/wp\/v2\/media\/501"}],"wp:attachment":[{"href":"https:\/\/assessoriabuch.com\/es\/wp-json\/wp\/v2\/media?parent=451"}],"curies":[{"name":"wp","href":"https:\/\/api.w.org\/{rel}","templated":true}]}}