{"id":460,"date":"2023-05-24T09:02:43","date_gmt":"2023-05-24T09:02:43","guid":{"rendered":"https:\/\/assessoriabuch.com\/som-assessors\/"},"modified":"2025-12-01T09:31:12","modified_gmt":"2025-12-01T09:31:12","slug":"somos-asesores","status":"publish","type":"page","link":"https:\/\/assessoriabuch.com\/es\/somos-asesores\/","title":{"rendered":"Somos asesores"},"content":{"rendered":"<div class=\"wpb-content-wrapper\">[vc_row full_width=\u00bbstretch_row_content_no_spaces\u00bb css=\u00bb.vc_custom_1753951115770{background-color: #4277A2 !important;}\u00bb][vc_column]\n\t\t\t\t<p class=\"rs-p-wp-fix\"><\/p>\n\t\t\t\t<sr7-module data-alias=\"som-assessors-1\" data-id=\"4\" id=\"SR7_4_1\" class=\"rs-ov-hidden\" data-version=\"6.7.37\">\n\t\t\t\t\t<sr7-adjuster><\/sr7-adjuster>\n\t\t\t\t\t<sr7-content>\n\t\t\t\t\t\t<sr7-slide id=\"SR7_4_1-14\" data-key=\"14\">\n\t\t\t\t\t\t\t<sr7-bg id=\"SR7_4_1-14-6\" class=\"sr7-layer\"><noscript><img src=\"https:\/\/assessoriabuch.com\/wp-content\/uploads\/2025\/07\/banner4.jpg\" alt=\"\" title=\"banner4\"><\/noscript><\/sr7-bg>\n\t\t\t\t\t\t\t<sr7-txt id=\"SR7_4_1-14-3\" class=\"sr7-layer\">Asesoramiento con valores que perduran<\/sr7-txt>\n\t\t\t\t\t\t\t<sr7-txt id=\"SR7_4_1-14-4\" class=\"sr7-layer\">Compromiso, rigor y trato personal para ayudarte a avanzar con seguridad<\/sr7-txt>\n\t\t\t\t\t\t\t<a id=\"SR7_4_1-14-5\" class=\"sr7-layer\" href=\"https:\/\/assessoriabuch.com\/contacta\" target=\"_self\">Contacta con nosotros &nbsp;&nbsp;<i class=\"fa-mail-forward\"><\/i><\/a>\n\t\t\t\t\t\t<\/sr7-slide>\n\t\t\t\t\t\t<sr7-slide id=\"SR7_4_1-15\" data-key=\"15\">\n\t\t\t\t\t\t<\/sr7-slide>\n\t\t\t\t\t<\/sr7-content>\n\t\t\t\t\t<image_lists style=\"display:none\">\n\t\t\t\t\t\t<img data-src=\"\/\/assessoriabuch.com\/wp-content\/uploads\/2025\/07\/shape2.png\" data-libid=\"201\" data-lib=\"medialibrary\" title=\"shape2\" width=\"0\" height=\"0\" data-dbsrc=\"Ly9hc3Nlc3NvcmlhYnVjaC5jb20vd3AtY29udGVudC91cGxvYWRzLzIwMjUvMDcvc2hhcGUyLnBuZw==\"\/>\n\t\t\t\t\t\t<img data-src=\"\/\/assessoriabuch.com\/wp-content\/uploads\/2025\/07\/banner4.jpg\" data-libid=\"320\" data-lib=\"medialibrary\" title=\"banner4\" width=\"0\" height=\"0\" data-dbsrc=\"Ly9hc3Nlc3NvcmlhYnVjaC5jb20vd3AtY29udGVudC91cGxvYWRzLzIwMjUvMDcvYmFubmVyNC5qcGc=\"\/>\n\t\t\t\t\t<\/image_lists>\n\t\t\t\t<\/sr7-module>\n\t\t\t\t<script>\n\t\t\t\t\tSR7.PMH ??={}; SR7.PMH[\"SR7_4_1\"] = {cn:100,state:false,fn: function() { if (_tpt!==undefined && _tpt.prepareModuleHeight !== undefined) {  _tpt.prepareModuleHeight({id:\"SR7_4_1\",el:[750,750,750,750,720],type:'standard',shdw:'0',gh:[750,750,750,750,720],gw:[2000,2000,2000,2000,480],vpt:['-100px&#039;,&#039;-100px&#039;,&#039;-100px&#039;,&#039;-100px&#039;,&#039;-100px'],size:{fullWidth:true, fullHeight:false},mh:'0',onh:0,onw:0,bg:{color:'{\"orig\":\"transparent\",\"type\":\"solid\",\"string\":\"transparent\"}'}});   SR7.PMH[\"SR7_4_1\"].state=true;} else if(SR7.PMH[\"SR7_4_1\"].cn-->0)\tsetTimeout( SR7.PMH[\"SR7_4_1\"].fn,19);}};SR7.PMH[\"SR7_4_1\" ].fn();\n\t\t\t\t<\/script>\n[\/vc_column][\/vc_row][vc_row full_width=\u00bbstretch_row_content_no_spaces\u00bb content_placement=\u00bbmiddle\u00bb css=\u00bb.vc_custom_1753951143092{background-image: url(https:\/\/assessoriabuch.com\/wp-content\/uploads\/2025\/07\/fondoA-1.jpg?id=321) !important;}\u00bb][vc_column width=\u00bb1\/4&#8243;][\/vc_column][vc_column width=\u00bb3\/4&#8243;][vc_empty_space height=\u00bb50px\u00bb][vc_row_inner][vc_column_inner width=\u00bb1\/4&#8243;][\/vc_column_inner][vc_column_inner width=\u00bb1\/2&#8243;][vc_column_text css=\u00bb.vc_custom_1753339715373{padding-right: 5% !important;}\u00bb text_align=\u00bbright\u00bb color=\u00bb#000000&#8243; font_size=\u00bb14&#8243; font_family=\u00bbPoppins\u00bb text_transform=\u00bbuppercase\u00bb letter_spacing=\u00bb1px\u00bb]Assessoria Buch[\/vc_column_text][vc_empty_space height=\u00bb10px\u00bb][vc_column_text css=\u00bb.vc_custom_1764581446069{padding-right: 5% !important;}\u00bb text_align=\u00bbright\u00bb color=\u00bb#000000&#8243; font_size=\u00bb30&#8243; font_family=\u00bbPoppins\u00bb letter_spacing=\u00bb-1px\u00bb line_height=\u00bb36px\u00bb font_weight=\u00bb700&#8243;]Tu equipo de confianza, cerca de ti[\/vc_column_text][vc_empty_space height=\u00bb20px\u00bb][vc_column_text css=\u00bb.vc_custom_1764581470001{padding-right: 5% !important;padding-left: 5% !important;}\u00bb text_align=\u00bbright\u00bb color=\u00bb#000000&#8243; font_size=\u00bb16&#8243; line_height=\u00bbnormal\u00bb]Trabajamos con una forma de entender la profesi\u00f3n basada en la confianza y la responsabilidad. Somos un equipo cercano y multidisciplinar, especializado en ofrecer soluciones \u00e1giles, claras y adaptadas a las necesidades reales de cada cliente.<\/p>\n<p>Nuestro enfoque se basa en conocer bien cada caso, ofrecer un trato continuado y tener siempre una mirada profesional y humana. Nos implicamos con empresas, aut\u00f3nomos y familias para que sepan que pueden contar con nosotros, tanto para el d\u00eda a d\u00eda como en momentos clave.[\/vc_column_text][\/vc_column_inner][vc_column_inner width=\u00bb1\/4&#8243;][\/vc_column_inner][\/vc_row_inner][\/vc_column][\/vc_row][vc_row full_width=\u00bbstretch_row_content_no_spaces\u00bb][vc_column][vc_gmaps link=\u00bb#E-8_JTNDaWZyYW1lJTIwc3JjJTNEJTIyaHR0cHMlM0ElMkYlMkZ3d3cuZ29vZ2xlLmNvbSUyRm1hcHMlMkZlbWJlZCUzRnBiJTNEJTIxMW0xOCUyMTFtMTIlMjExbTMlMjExZDI5ODYuMjI4OTY4MjA5NTI5MyUyMTJkMi40MzcwOTk5NzY2ODY4ODglMjEzZDQxLjU0MjYzOTM4NjM0OTg2JTIxMm0zJTIxMWYwJTIxMmYwJTIxM2YwJTIxM20yJTIxMWkxMDI0JTIxMmk3NjglMjE0ZjEzLjElMjEzbTMlMjExbTIlMjExczB4MTJhNGI1ZjVmOGJiMzJiNyUyNTNBMHgxY2Q2OWVlNDRhOGIyMDg4JTIxMnNBc3Nlc3NvcmlhJTI1MjBCdWNoJTIxNWUwJTIxM20yJTIxMXNlcyUyMTJzZXMlMjE0djE3NTMzNDM5MzQ2MzIlMjE1bTIlMjExc2VzJTIxMnNlcyUyMiUyMHdpZHRoJTNEJTIyNjAwJTIyJTIwaGVpZ2h0JTNEJTIyNDUwJTIyJTIwc3R5bGUlM0QlMjJib3JkZXIlM0EwJTNCJTIyJTIwYWxsb3dmdWxsc2NyZWVuJTNEJTIyJTIyJTIwbG9hZGluZyUzRCUyMmxhenklMjIlMjByZWZlcnJlcnBvbGljeSUzRCUyMm5vLXJlZmVycmVyLXdoZW4tZG93bmdyYWRlJTIyJTNFJTNDJTJGaWZyYW1lJTNF\u00bb css=\u00bb\u00bb][\/vc_column][\/vc_row]\n<\/div>","protected":false},"excerpt":{"rendered":"<p>[vc_row full_width=\u00bbstretch_row_content_no_spaces\u00bb css=\u00bb.vc_custom_1753951115770{background-color: #4277A2 !important;}\u00bb][vc_column][\/vc_column][\/vc_row][vc_row full_width=\u00bbstretch_row_content_no_spaces\u00bb content_placement=\u00bbmiddle\u00bb css=\u00bb.vc_custom_1753951143092{background-image: url(https:\/\/assessoriabuch.com\/wp-content\/uploads\/2025\/07\/fondoA-1.jpg?id=321) !important;}\u00bb][vc_column width=\u00bb1\/4&#8243;][\/vc_column][vc_column width=\u00bb3\/4&#8243;][vc_empty_space height=\u00bb50px\u00bb][vc_row_inner][vc_column_inner width=\u00bb1\/4&#8243;][\/vc_column_inner][vc_column_inner width=\u00bb1\/2&#8243;][vc_column_text css=\u00bb.vc_custom_1753339715373{padding-right: 5% !important;}\u00bb text_align=\u00bbright\u00bb color=\u00bb#000000&#8243; font_size=\u00bb14&#8243; font_family=\u00bbPoppins\u00bb text_transform=\u00bbuppercase\u00bb letter_spacing=\u00bb1px\u00bb]Assessoria Buch[\/vc_column_text][vc_empty_space height=\u00bb10px\u00bb][vc_column_text css=\u00bb.vc_custom_1764581446069{padding-right: 5% !important;}\u00bb text_align=\u00bbright\u00bb color=\u00bb#000000&#8243; font_size=\u00bb30&#8243; font_family=\u00bbPoppins\u00bb letter_spacing=\u00bb-1px\u00bb line_height=\u00bb36px\u00bb font_weight=\u00bb700&#8243;]Tu equipo de confianza, cerca de ti[\/vc_column_text][vc_empty_space height=\u00bb20px\u00bb][vc_column_text css=\u00bb.vc_custom_1764581470001{padding-right: 5% !important;padding-left: 5% !important;}\u00bb text_align=\u00bbright\u00bb color=\u00bb#000000&#8243; font_size=\u00bb16&#8243; line_height=\u00bbnormal\u00bb]Trabajamos con una forma&hellip;<\/p>\n","protected":false},"author":1,"featured_media":0,"parent":0,"menu_order":0,"comment_status":"closed","ping_status":"closed","template":"","meta":{"footnotes":""},"class_list":["post-460","page","type-page","status-publish","hentry","entry","no-media"],"yoast_head":"<!-- This site is optimized with the Yoast SEO plugin v26.1.1 - https:\/\/yoast.com\/wordpress\/plugins\/seo\/ -->\n<title>Somos asesores - Buch Assessors Matar\u00f3<\/title>\n<meta name=\"robots\" content=\"index, follow, max-snippet:-1, max-image-preview:large, max-video-preview:-1\" \/>\n<link rel=\"canonical\" href=\"https:\/\/assessoriabuch.com\/es\/somos-asesores\/\" \/>\n<meta property=\"og:locale\" content=\"es_ES\" \/>\n<meta property=\"og:type\" content=\"article\" \/>\n<meta property=\"og:title\" content=\"Somos asesores - Buch Assessors Matar\u00f3\" \/>\n<meta property=\"og:description\" content=\"[vc_row full_width=\u00bbstretch_row_content_no_spaces\u00bb css=\u00bb.vc_custom_1753951115770{background-color: #4277A2 !important;}\u00bb][vc_column][\/vc_column][\/vc_row][vc_row full_width=\u00bbstretch_row_content_no_spaces\u00bb content_placement=\u00bbmiddle\u00bb css=\u00bb.vc_custom_1753951143092{background-image: url(https:\/\/assessoriabuch.com\/wp-content\/uploads\/2025\/07\/fondoA-1.jpg?id=321) !important;}\u00bb][vc_column width=\u00bb1\/4&#8243;][\/vc_column][vc_column width=\u00bb3\/4&#8243;][vc_empty_space height=\u00bb50px\u00bb][vc_row_inner][vc_column_inner width=\u00bb1\/4&#8243;][\/vc_column_inner][vc_column_inner width=\u00bb1\/2&#8243;][vc_column_text css=\u00bb.vc_custom_1753339715373{padding-right: 5% !important;}\u00bb text_align=\u00bbright\u00bb color=\u00bb#000000&#8243; font_size=\u00bb14&#8243; font_family=\u00bbPoppins\u00bb text_transform=\u00bbuppercase\u00bb letter_spacing=\u00bb1px\u00bb]Assessoria Buch[\/vc_column_text][vc_empty_space height=\u00bb10px\u00bb][vc_column_text css=\u00bb.vc_custom_1764581446069{padding-right: 5% !important;}\u00bb text_align=\u00bbright\u00bb color=\u00bb#000000&#8243; font_size=\u00bb30&#8243; font_family=\u00bbPoppins\u00bb letter_spacing=\u00bb-1px\u00bb line_height=\u00bb36px\u00bb font_weight=\u00bb700&#8243;]Tu equipo de confianza, cerca de ti[\/vc_column_text][vc_empty_space height=\u00bb20px\u00bb][vc_column_text css=\u00bb.vc_custom_1764581470001{padding-right: 5% !important;padding-left: 5% !important;}\u00bb text_align=\u00bbright\u00bb color=\u00bb#000000&#8243; font_size=\u00bb16&#8243; line_height=\u00bbnormal\u00bb]Trabajamos con una forma&hellip;\" \/>\n<meta property=\"og:url\" content=\"https:\/\/assessoriabuch.com\/es\/somos-asesores\/\" \/>\n<meta property=\"og:site_name\" content=\"Buch Assessors Matar\u00f3\" \/>\n<meta property=\"article:modified_time\" content=\"2025-12-01T09:31:12+00:00\" \/>\n<meta name=\"twitter:card\" content=\"summary_large_image\" \/>\n<meta name=\"twitter:label1\" content=\"Tiempo de lectura\" \/>\n\t<meta name=\"twitter:data1\" content=\"1 minuto\" \/>\n<script type=\"application\/ld+json\" class=\"yoast-schema-graph\">{\"@context\":\"https:\/\/schema.org\",\"@graph\":[{\"@type\":\"WebPage\",\"@id\":\"https:\/\/assessoriabuch.com\/es\/somos-asesores\/\",\"url\":\"https:\/\/assessoriabuch.com\/es\/somos-asesores\/\",\"name\":\"Somos asesores - Buch Assessors Matar\u00f3\",\"isPartOf\":{\"@id\":\"https:\/\/assessoriabuch.com\/#website\"},\"datePublished\":\"2023-05-24T09:02:43+00:00\",\"dateModified\":\"2025-12-01T09:31:12+00:00\",\"breadcrumb\":{\"@id\":\"https:\/\/assessoriabuch.com\/es\/somos-asesores\/#breadcrumb\"},\"inLanguage\":\"es\",\"potentialAction\":[{\"@type\":\"ReadAction\",\"target\":[\"https:\/\/assessoriabuch.com\/es\/somos-asesores\/\"]}]},{\"@type\":\"BreadcrumbList\",\"@id\":\"https:\/\/assessoriabuch.com\/es\/somos-asesores\/#breadcrumb\",\"itemListElement\":[{\"@type\":\"ListItem\",\"position\":1,\"name\":\"Home\",\"item\":\"https:\/\/assessoriabuch.com\/es\/\"},{\"@type\":\"ListItem\",\"position\":2,\"name\":\"Somos asesores\"}]},{\"@type\":\"WebSite\",\"@id\":\"https:\/\/assessoriabuch.com\/#website\",\"url\":\"https:\/\/assessoriabuch.com\/\",\"name\":\"Buch Assessors Matar\u00f3\",\"description\":\"Cetrex new project\",\"publisher\":{\"@id\":\"https:\/\/assessoriabuch.com\/#organization\"},\"potentialAction\":[{\"@type\":\"SearchAction\",\"target\":{\"@type\":\"EntryPoint\",\"urlTemplate\":\"https:\/\/assessoriabuch.com\/?s={search_term_string}\"},\"query-input\":{\"@type\":\"PropertyValueSpecification\",\"valueRequired\":true,\"valueName\":\"search_term_string\"}}],\"inLanguage\":\"es\"},{\"@type\":\"Organization\",\"@id\":\"https:\/\/assessoriabuch.com\/#organization\",\"name\":\"Buch Assessors Matar\u00f3\",\"url\":\"https:\/\/assessoriabuch.com\/\",\"logo\":{\"@type\":\"ImageObject\",\"inLanguage\":\"es\",\"@id\":\"https:\/\/assessoriabuch.com\/#\/schema\/logo\/image\/\",\"url\":\"https:\/\/assessoriabuch.com\/wp-content\/uploads\/2025\/07\/logoboCOL.png\",\"contentUrl\":\"https:\/\/assessoriabuch.com\/wp-content\/uploads\/2025\/07\/logoboCOL.png\",\"width\":673,\"height\":214,\"caption\":\"Buch Assessors Matar\u00f3\"},\"image\":{\"@id\":\"https:\/\/assessoriabuch.com\/#\/schema\/logo\/image\/\"}}]}<\/script>\n<!-- \/ Yoast SEO plugin. -->","yoast_head_json":{"title":"Somos asesores - Buch Assessors Matar\u00f3","robots":{"index":"index","follow":"follow","max-snippet":"max-snippet:-1","max-image-preview":"max-image-preview:large","max-video-preview":"max-video-preview:-1"},"canonical":"https:\/\/assessoriabuch.com\/es\/somos-asesores\/","og_locale":"es_ES","og_type":"article","og_title":"Somos asesores - Buch Assessors Matar\u00f3","og_description":"[vc_row full_width=\u00bbstretch_row_content_no_spaces\u00bb css=\u00bb.vc_custom_1753951115770{background-color: #4277A2 !important;}\u00bb][vc_column][\/vc_column][\/vc_row][vc_row full_width=\u00bbstretch_row_content_no_spaces\u00bb content_placement=\u00bbmiddle\u00bb css=\u00bb.vc_custom_1753951143092{background-image: url(https:\/\/assessoriabuch.com\/wp-content\/uploads\/2025\/07\/fondoA-1.jpg?id=321) !important;}\u00bb][vc_column width=\u00bb1\/4&#8243;][\/vc_column][vc_column width=\u00bb3\/4&#8243;][vc_empty_space height=\u00bb50px\u00bb][vc_row_inner][vc_column_inner width=\u00bb1\/4&#8243;][\/vc_column_inner][vc_column_inner width=\u00bb1\/2&#8243;][vc_column_text css=\u00bb.vc_custom_1753339715373{padding-right: 5% !important;}\u00bb text_align=\u00bbright\u00bb color=\u00bb#000000&#8243; font_size=\u00bb14&#8243; font_family=\u00bbPoppins\u00bb text_transform=\u00bbuppercase\u00bb letter_spacing=\u00bb1px\u00bb]Assessoria Buch[\/vc_column_text][vc_empty_space height=\u00bb10px\u00bb][vc_column_text css=\u00bb.vc_custom_1764581446069{padding-right: 5% !important;}\u00bb text_align=\u00bbright\u00bb color=\u00bb#000000&#8243; font_size=\u00bb30&#8243; font_family=\u00bbPoppins\u00bb letter_spacing=\u00bb-1px\u00bb line_height=\u00bb36px\u00bb font_weight=\u00bb700&#8243;]Tu equipo de confianza, cerca de ti[\/vc_column_text][vc_empty_space height=\u00bb20px\u00bb][vc_column_text css=\u00bb.vc_custom_1764581470001{padding-right: 5% !important;padding-left: 5% !important;}\u00bb text_align=\u00bbright\u00bb color=\u00bb#000000&#8243; font_size=\u00bb16&#8243; line_height=\u00bbnormal\u00bb]Trabajamos con una forma&hellip;","og_url":"https:\/\/assessoriabuch.com\/es\/somos-asesores\/","og_site_name":"Buch Assessors Matar\u00f3","article_modified_time":"2025-12-01T09:31:12+00:00","twitter_card":"summary_large_image","twitter_misc":{"Tiempo de lectura":"1 minuto"},"schema":{"@context":"https:\/\/schema.org","@graph":[{"@type":"WebPage","@id":"https:\/\/assessoriabuch.com\/es\/somos-asesores\/","url":"https:\/\/assessoriabuch.com\/es\/somos-asesores\/","name":"Somos asesores - Buch Assessors Matar\u00f3","isPartOf":{"@id":"https:\/\/assessoriabuch.com\/#website"},"datePublished":"2023-05-24T09:02:43+00:00","dateModified":"2025-12-01T09:31:12+00:00","breadcrumb":{"@id":"https:\/\/assessoriabuch.com\/es\/somos-asesores\/#breadcrumb"},"inLanguage":"es","potentialAction":[{"@type":"ReadAction","target":["https:\/\/assessoriabuch.com\/es\/somos-asesores\/"]}]},{"@type":"BreadcrumbList","@id":"https:\/\/assessoriabuch.com\/es\/somos-asesores\/#breadcrumb","itemListElement":[{"@type":"ListItem","position":1,"name":"Home","item":"https:\/\/assessoriabuch.com\/es\/"},{"@type":"ListItem","position":2,"name":"Somos asesores"}]},{"@type":"WebSite","@id":"https:\/\/assessoriabuch.com\/#website","url":"https:\/\/assessoriabuch.com\/","name":"Buch Assessors Matar\u00f3","description":"Cetrex new project","publisher":{"@id":"https:\/\/assessoriabuch.com\/#organization"},"potentialAction":[{"@type":"SearchAction","target":{"@type":"EntryPoint","urlTemplate":"https:\/\/assessoriabuch.com\/?s={search_term_string}"},"query-input":{"@type":"PropertyValueSpecification","valueRequired":true,"valueName":"search_term_string"}}],"inLanguage":"es"},{"@type":"Organization","@id":"https:\/\/assessoriabuch.com\/#organization","name":"Buch Assessors Matar\u00f3","url":"https:\/\/assessoriabuch.com\/","logo":{"@type":"ImageObject","inLanguage":"es","@id":"https:\/\/assessoriabuch.com\/#\/schema\/logo\/image\/","url":"https:\/\/assessoriabuch.com\/wp-content\/uploads\/2025\/07\/logoboCOL.png","contentUrl":"https:\/\/assessoriabuch.com\/wp-content\/uploads\/2025\/07\/logoboCOL.png","width":673,"height":214,"caption":"Buch Assessors Matar\u00f3"},"image":{"@id":"https:\/\/assessoriabuch.com\/#\/schema\/logo\/image\/"}}]}},"_links":{"self":[{"href":"https:\/\/assessoriabuch.com\/es\/wp-json\/wp\/v2\/pages\/460","targetHints":{"allow":["GET"]}}],"collection":[{"href":"https:\/\/assessoriabuch.com\/es\/wp-json\/wp\/v2\/pages"}],"about":[{"href":"https:\/\/assessoriabuch.com\/es\/wp-json\/wp\/v2\/types\/page"}],"author":[{"embeddable":true,"href":"https:\/\/assessoriabuch.com\/es\/wp-json\/wp\/v2\/users\/1"}],"replies":[{"embeddable":true,"href":"https:\/\/assessoriabuch.com\/es\/wp-json\/wp\/v2\/comments?post=460"}],"version-history":[{"count":4,"href":"https:\/\/assessoriabuch.com\/es\/wp-json\/wp\/v2\/pages\/460\/revisions"}],"predecessor-version":[{"id":601,"href":"https:\/\/assessoriabuch.com\/es\/wp-json\/wp\/v2\/pages\/460\/revisions\/601"}],"wp:attachment":[{"href":"https:\/\/assessoriabuch.com\/es\/wp-json\/wp\/v2\/media?parent=460"}],"curies":[{"name":"wp","href":"https:\/\/api.w.org\/{rel}","templated":true}]}}